{"id":20008,"date":"2024-12-05T10:59:28","date_gmt":"2024-12-05T08:59:28","guid":{"rendered":"https:\/\/www.aquestia.com\/homepage\/"},"modified":"2026-04-12T13:49:16","modified_gmt":"2026-04-12T10:49:16","slug":"homepage","status":"publish","type":"page","link":"https:\/\/www.aquestia.com\/es\/","title":{"rendered":"P\u00e1gina de inicio"},"content":{"rendered":"<p><!--StartFragment --><span class=\"cf0\">Aquestia responde a cualquier reto hidr\u00e1ulico con soluciones confiables que protegen su sistema de tuber\u00edas, mejorando la eficiencia, rendimiento y ahorrando energ\u00eda.<\/span><!--EndFragment --><\/p>\n","protected":false},"excerpt":{"rendered":"<p>Aquestia responde a cualquier reto hidr\u00e1ulico con soluciones confiables que protegen su sistema de tuber\u00edas, mejorando la eficiencia, rendimiento y ahorrando energ\u00eda.<\/p>\n","protected":false},"author":1,"featured_media":19340,"parent":0,"menu_order":53,"comment_status":"closed","ping_status":"closed","template":"templates\/homepage.php","meta":{"_acf_changed":false,"footnotes":""},"class_list":["post-20008","page","type-page","status-publish","has-post-thumbnail","hentry"],"acf":[],"_links":{"self":[{"href":"https:\/\/www.aquestia.com\/es\/wp-json\/wp\/v2\/pages\/20008","targetHints":{"allow":["GET"]}}],"collection":[{"href":"https:\/\/www.aquestia.com\/es\/wp-json\/wp\/v2\/pages"}],"about":[{"href":"https:\/\/www.aquestia.com\/es\/wp-json\/wp\/v2\/types\/page"}],"author":[{"embeddable":true,"href":"https:\/\/www.aquestia.com\/es\/wp-json\/wp\/v2\/users\/1"}],"replies":[{"embeddable":true,"href":"https:\/\/www.aquestia.com\/es\/wp-json\/wp\/v2\/comments?post=20008"}],"version-history":[{"count":5,"href":"https:\/\/www.aquestia.com\/es\/wp-json\/wp\/v2\/pages\/20008\/revisions"}],"predecessor-version":[{"id":30424,"href":"https:\/\/www.aquestia.com\/es\/wp-json\/wp\/v2\/pages\/20008\/revisions\/30424"}],"wp:featuredmedia":[{"embeddable":true,"href":"https:\/\/www.aquestia.com\/es\/wp-json\/wp\/v2\/media\/19340"}],"wp:attachment":[{"href":"https:\/\/www.aquestia.com\/es\/wp-json\/wp\/v2\/media?parent=20008"}],"curies":[{"name":"wp","href":"https:\/\/api.w.org\/{rel}","templated":true}]}}